{"id":103,"date":"2015-04-02T23:51:11","date_gmt":"2015-04-02T20:51:11","guid":{"rendered":"http:\/\/mumyakmazlar.com\/?page_id=103"},"modified":"2015-04-03T13:16:51","modified_gmt":"2015-04-03T10:16:51","slug":"iletisim","status":"publish","type":"page","link":"http:\/\/mumyakmazlar.com\/?page_id=103","title":{"rendered":"\u0130leti\u015fim"},"content":{"rendered":"<p>Adres : Sebze Meyve Belediye Toptanc\u0131 Hali No:7<\/p>\n<p>Afyonkarahisar\\TURKEY<\/p>\n<p>Telefon: 0 272 223 20 36<\/p>\n<p>Fax: 0 272 223 20 37<\/p>\n<p>FST: 0 530 409 18 34<\/p>\n<p>e-mail: info@mumyakmazlar.com<\/p>\n<p><a href=\"http:\/\/mumyakmazlar.com\/wp-content\/uploads\/krokimumyakmaz.jpg\"><img loading=\"lazy\" decoding=\"async\" class=\"alignnone size-medium wp-image-72\" src=\"http:\/\/mumyakmazlar.com\/wp-content\/uploads\/krokimumyakmaz-300x192.jpg\" alt=\"krokimumyakmaz\" width=\"300\" height=\"192\" srcset=\"http:\/\/mumyakmazlar.com\/wp-content\/uploads\/krokimumyakmaz-300x192.jpg 300w, http:\/\/mumyakmazlar.com\/wp-content\/uploads\/krokimumyakmaz.jpg 531w\" sizes=\"auto, (max-width: 300px) 100vw, 300px\" \/><\/a><\/p>\n","protected":false},"excerpt":{"rendered":"<p>Adres : Sebze Meyve Belediye Toptanc\u0131 Hali No:7 Afyonkarahisar\\TURKEY Telefon: 0 272 223 20 36 Fax: 0 272 223 20 37 FST: 0 530 409 18 34 e-mail: info@mumyakmazlar.com<\/p>\n","protected":false},"author":1,"featured_media":0,"parent":0,"menu_order":10,"comment_status":"open","ping_status":"open","template":"","meta":{"footnotes":""},"class_list":["post-103","page","type-page","status-publish","hentry"],"_links":{"self":[{"href":"http:\/\/mumyakmazlar.com\/index.php?rest_route=\/wp\/v2\/pages\/103","targetHints":{"allow":["GET"]}}],"collection":[{"href":"http:\/\/mumyakmazlar.com\/index.php?rest_route=\/wp\/v2\/pages"}],"about":[{"href":"http:\/\/mumyakmazlar.com\/index.php?rest_route=\/wp\/v2\/types\/page"}],"author":[{"embeddable":true,"href":"http:\/\/mumyakmazlar.com\/index.php?rest_route=\/wp\/v2\/users\/1"}],"replies":[{"embeddable":true,"href":"http:\/\/mumyakmazlar.com\/index.php?rest_route=%2Fwp%2Fv2%2Fcomments&post=103"}],"version-history":[{"count":3,"href":"http:\/\/mumyakmazlar.com\/index.php?rest_route=\/wp\/v2\/pages\/103\/revisions"}],"predecessor-version":[{"id":130,"href":"http:\/\/mumyakmazlar.com\/index.php?rest_route=\/wp\/v2\/pages\/103\/revisions\/130"}],"wp:attachment":[{"href":"http:\/\/mumyakmazlar.com\/index.php?rest_route=%2Fwp%2Fv2%2Fmedia&parent=103"}],"curies":[{"name":"wp","href":"https:\/\/api.w.org\/{rel}","templated":true}]}}