{"id":2,"date":"2015-04-02T22:26:30","date_gmt":"2015-04-02T19:26:30","guid":{"rendered":"http:\/\/mumyakmazlar.com\/?page_id=2"},"modified":"2015-04-04T01:41:31","modified_gmt":"2015-04-03T22:41:31","slug":"ornek-sayfa","status":"publish","type":"page","link":"http:\/\/mumyakmazlar.com\/?page_id=2","title":{"rendered":"Hakk\u0131m\u0131zda"},"content":{"rendered":"<p>D\u00fcnyan\u0131n do\u011fal tar\u0131ma en uygun co\u011frafyas\u0131na sahip T\u00fcrkiye&#8217;de, do\u011fal tat ve lezzette, sa\u011fl\u0131kl\u0131 ve kaliteli \u00fcr\u00fcn sat\u0131\u015f\u0131 yapan&nbsp;<\/p>\n<blockquote><p>Mumyakmazlar,Afyonkarahisar&#8217;da sekt\u00f6r\u00fcn \u00f6nc\u00fcs\u00fc&#8230;<\/p><\/blockquote>\n<p>&nbsp;<\/p>\n<p><strong>MUMYAKMAZLAR<\/strong>,y\u0131l\u0131n 12 ay\u0131nda Afyonkarahisar Toptanc\u0131 Halinde, taze, kaliteli,sa\u011fl\u0131kl\u0131 ve standart ya\u015f sebze ve meyve sat\u0131\u015f\u0131 ger\u00e7ekle\u015ftiriyor.<\/p>\n<blockquote><p><strong>MUMYAKMAZLAR<\/strong>,Afyonkarahisar&#8217;\u0131n en b\u00fcy\u00fck Sebze ve Meyve Limited \u015eirketlerinden biri..\u015eirket, b\u00fcnyesindeki tecr\u00fcbeli \u00e7al\u0131\u015fanlar\u0131 ile kalitenin uzaklarda aranmayaca\u011f\u0131n\u0131 vurguluyor.&nbsp;<\/p><\/blockquote>\n<p>&nbsp;<br \/>\n<strong>MUMYAKMAZLAR<\/strong>, ba\u015fta \u015feftali,incir, ve armut olmak \u00fczere pek \u00e7ok \u00fcr\u00fcnde ve alan\u0131nda, Afyonkarahisar&#8217;\u0131n en b\u00fcy\u00fck Sebze ve Meyve Limited \u015eirketi..<br \/>\n&nbsp;<\/p>\n<blockquote><p><strong>MUMYAKMAZLAR<\/strong>,&nbsp;pazarlama ve nakliyesini kendi yaparak, uygun fiyat ve h\u0131zl\u0131 sat\u0131\u015f olana\u011f\u0131 sa\u011fl\u0131yor.<\/p><\/blockquote>\n<p>&nbsp;<\/p>\n<p><strong>MUMYAKMAZLAR,<\/strong> insanlara kaliteli ve sa\u011fl\u0131kl\u0131 \u00fcr\u00fcnler sunmay\u0131 hedef de\u011fil, standart bir uygulama olarak g\u00f6r\u00fcyor.&nbsp;<\/p>\n<blockquote><p><strong>MUMYAKMAZLAR,<\/strong> Kalitenin Tek Adresi&#8230;.<\/p><\/blockquote>\n<p>&nbsp;<\/p>\n<p><img loading=\"lazy\" decoding=\"async\" class=\"alignnone size-medium wp-image-39\" src=\"http:\/\/mumyakmazlar.com\/wp-content\/uploads\/43_sebzehali-300x209.jpg\" alt=\"43_sebzehali\" width=\"300\" height=\"209\" srcset=\"http:\/\/mumyakmazlar.com\/wp-content\/uploads\/43_sebzehali-300x209.jpg 300w, http:\/\/mumyakmazlar.com\/wp-content\/uploads\/43_sebzehali.jpg 392w\" sizes=\"auto, (max-width: 300px) 100vw, 300px\" \/><\/p>\n","protected":false},"excerpt":{"rendered":"<p>D\u00fcnyan\u0131n do\u011fal tar\u0131ma en uygun co\u011frafyas\u0131na sahip T\u00fcrkiye&#8217;de, do\u011fal tat ve lezzette, sa\u011fl\u0131kl\u0131 ve kaliteli \u00fcr\u00fcn sat\u0131\u015f\u0131 yapan&nbsp; Mumyakmazlar,Afyonkarahisar&#8217;da sekt\u00f6r\u00fcn \u00f6nc\u00fcs\u00fc&#8230; &nbsp; MUMYAKMAZLAR,y\u0131l\u0131n 12 ay\u0131nda Afyonkarahisar Toptanc\u0131 Halinde, taze, kaliteli,sa\u011fl\u0131kl\u0131 ve standart ya\u015f sebze ve meyve sat\u0131\u015f\u0131 ger\u00e7ekle\u015ftiriyor. MUMYAKMAZLAR,Afyonkarahisar&#8217;\u0131n en b\u00fcy\u00fck Sebze ve Meyve Limited \u015eirketlerinden biri..\u015eirket, b\u00fcnyesindeki tecr\u00fcbeli \u00e7al\u0131\u015fanlar\u0131 ile kalitenin uzaklarda aranmayaca\u011f\u0131n\u0131 vurguluyor.&nbsp; &hellip; <a href=\"http:\/\/mumyakmazlar.com\/?page_id=2\" class=\"more-link\"><span class=\"screen-reader-text\">Hakk\u0131m\u0131zda<\/span> yaz\u0131s\u0131na devam et <span class=\"meta-nav\">&rarr;<\/span><\/a><\/p>\n","protected":false},"author":1,"featured_media":0,"parent":0,"menu_order":0,"comment_status":"open","ping_status":"open","template":"","meta":{"footnotes":""},"class_list":["post-2","page","type-page","status-publish","hentry"],"_links":{"self":[{"href":"http:\/\/mumyakmazlar.com\/index.php?rest_route=\/wp\/v2\/pages\/2","targetHints":{"allow":["GET"]}}],"collection":[{"href":"http:\/\/mumyakmazlar.com\/index.php?rest_route=\/wp\/v2\/pages"}],"about":[{"href":"http:\/\/mumyakmazlar.com\/index.php?rest_route=\/wp\/v2\/types\/page"}],"author":[{"embeddable":true,"href":"http:\/\/mumyakmazlar.com\/index.php?rest_route=\/wp\/v2\/users\/1"}],"replies":[{"embeddable":true,"href":"http:\/\/mumyakmazlar.com\/index.php?rest_route=%2Fwp%2Fv2%2Fcomments&post=2"}],"version-history":[{"count":4,"href":"http:\/\/mumyakmazlar.com\/index.php?rest_route=\/wp\/v2\/pages\/2\/revisions"}],"predecessor-version":[{"id":128,"href":"http:\/\/mumyakmazlar.com\/index.php?rest_route=\/wp\/v2\/pages\/2\/revisions\/128"}],"wp:attachment":[{"href":"http:\/\/mumyakmazlar.com\/index.php?rest_route=%2Fwp%2Fv2%2Fmedia&parent=2"}],"curies":[{"name":"wp","href":"https:\/\/api.w.org\/{rel}","templated":true}]}}