{"id":6,"date":"2015-04-02T22:32:06","date_gmt":"2015-04-02T19:32:06","guid":{"rendered":"http:\/\/mumyakmazlar.com\/?page_id=6"},"modified":"2015-04-02T22:33:51","modified_gmt":"2015-04-02T19:33:51","slug":"kurumsal","status":"publish","type":"page","link":"http:\/\/mumyakmazlar.com\/?page_id=6","title":{"rendered":"Kurumsal"},"content":{"rendered":"<p>Misyonumuz<\/p>\n<p>\u0130\u015f yap\u0131m felsefemiz, firmam\u0131z\u0131n kurulu\u015f temellerini olu\u015fturan a\u015fa\u011f\u0131daki evrensel kabullerin bir b\u00fct\u00fcn halinde hizmet olarak m\u00fc\u015fterilerimize sunulmas\u0131d\u0131r.<\/p>\n<p>-M\u00fc\u015fteri memnuniyeti<br \/>\n-Toplam kalite<br \/>\n-\u0130\u015f g\u00fcvenli\u011fi<br \/>\n-D\u00fcr\u00fcstl\u00fck ve a\u00e7\u0131kl\u0131k<br \/>\n-Maliyet ve kalite a\u00e7\u0131s\u0131ndan optimum \u00e7\u00f6z\u00fcmler<br \/>\n-Payla\u015f\u0131m<br \/>\n-De\u011fi\u015fim ve geli\u015fim<\/p>\n<p>Vizyonumuz<\/p>\n<p>-\u0130\u015flerimizi m\u00fc\u015fterinin ad\u0131na takip etmek, m\u00fc\u015fteri kararlar\u0131 i\u00e7in gerekli bilgileri toplamak, de\u011ferlendirmesini yapmak, m\u00fc\u015fterimize alternatifler sunmak ve s\u00fcratle do\u011fru karar vermesine imkan sa\u011flay\u0131p, kararlar\u0131 do\u011frultusunda hareket etmek.<br \/>\n-Daima en uygun teknolojik ve ekonomik \u00e7\u00f6z\u00fcmler \u00fcretmek.<br \/>\n-Zaman\u0131n en de\u011ferli varl\u0131k oldu\u011funu g\u00f6z \u00f6n\u00fcne alarak m\u00fc\u015fterimize zaman kazand\u0131rmak.<br \/>\n-Kalitenin s\u0131n\u0131r\u0131n\u0131n olmad\u0131\u011f\u0131na y\u00fcrekten inan\u0131yoruz. Dolay\u0131s\u0131 ile m\u00fc\u015fterilerimiz i\u00e7in daima daha iyinin pe\u015finde olmak.<\/p>\n<p>\u0130nsan Kaynaklar\u0131<\/p>\n<p>\u015eirketimiz , gerek yurti\u00e7i ba\u011flant\u0131lar\u0131 gerekse T\u00fcrkiye&#8217;deki  konumu nedeniyle \u00e7a\u011fda\u015f ve stratejik \u0130nsan Kaynaklari uygulamalar\u0131na, \u015firket \u00e7al\u0131\u015fanlar\u0131 ve stajyerlerin e\u011fitimine ve T\u00fcrk toplumuna hizmet sunmaya \u00f6zellikle \u00f6nem vermektedir. Bu kapsamda amac\u0131m\u0131z en yetkin adaylar\u0131 i\u015fe alarak, en y\u00fcksek standartlara g\u00f6re e\u011fitmek ve ihtiya\u00e7lar\u0131 olan bilgi ve becerileri geli\u015ftirmelerine destek olmakt\u0131r. Bu stratejinin hayata ge\u00e7irilmesi, \u00e7al\u0131\u015fanlar\u0131m\u0131za en iyi f\u0131rsatlar\u0131n ve y\u00fcksek seviyede i\u015f sunulmas\u0131na ba\u011fl\u0131d\u0131r.<\/p>\n<p>Hedefimiz, \u00e7al\u0131\u015fanlar\u0131m\u0131z taraf\u0131ndan benimsenmi\u015f uluslararas\u0131 standartlarda \u0130nsan Kaynaklar\u0131 politikalar\u0131n\u0131 uygulayarak, daha iyi bir gelece\u011fe ula\u015fabilmektir. Bu do\u011frultuda \u00e7al\u0131\u015fanlar\u0131m\u0131z\u0131n yeterliliklerinin ve performanslar\u0131n\u0131n en iyi \u015fekilde de\u011ferlendirilmesini sa\u011flayan sistemler olusturulmu\u015ftur.<\/p>\n","protected":false},"excerpt":{"rendered":"<p>Misyonumuz \u0130\u015f yap\u0131m felsefemiz, firmam\u0131z\u0131n kurulu\u015f temellerini olu\u015fturan a\u015fa\u011f\u0131daki evrensel kabullerin bir b\u00fct\u00fcn halinde hizmet olarak m\u00fc\u015fterilerimize sunulmas\u0131d\u0131r. -M\u00fc\u015fteri memnuniyeti -Toplam kalite -\u0130\u015f g\u00fcvenli\u011fi -D\u00fcr\u00fcstl\u00fck ve a\u00e7\u0131kl\u0131k -Maliyet ve kalite a\u00e7\u0131s\u0131ndan optimum \u00e7\u00f6z\u00fcmler -Payla\u015f\u0131m -De\u011fi\u015fim ve geli\u015fim Vizyonumuz -\u0130\u015flerimizi m\u00fc\u015fterinin ad\u0131na takip etmek, m\u00fc\u015fteri kararlar\u0131 i\u00e7in gerekli bilgileri toplamak, de\u011ferlendirmesini yapmak, m\u00fc\u015fterimize alternatifler sunmak ve &hellip; <a href=\"http:\/\/mumyakmazlar.com\/?page_id=6\" class=\"more-link\"><span class=\"screen-reader-text\">Kurumsal<\/span> yaz\u0131s\u0131na devam et <span class=\"meta-nav\">&rarr;<\/span><\/a><\/p>\n","protected":false},"author":1,"featured_media":0,"parent":0,"menu_order":0,"comment_status":"open","ping_status":"open","template":"","meta":{"footnotes":""},"class_list":["post-6","page","type-page","status-publish","hentry"],"_links":{"self":[{"href":"http:\/\/mumyakmazlar.com\/index.php?rest_route=\/wp\/v2\/pages\/6","targetHints":{"allow":["GET"]}}],"collection":[{"href":"http:\/\/mumyakmazlar.com\/index.php?rest_route=\/wp\/v2\/pages"}],"about":[{"href":"http:\/\/mumyakmazlar.com\/index.php?rest_route=\/wp\/v2\/types\/page"}],"author":[{"embeddable":true,"href":"http:\/\/mumyakmazlar.com\/index.php?rest_route=\/wp\/v2\/users\/1"}],"replies":[{"embeddable":true,"href":"http:\/\/mumyakmazlar.com\/index.php?rest_route=%2Fwp%2Fv2%2Fcomments&post=6"}],"version-history":[{"count":2,"href":"http:\/\/mumyakmazlar.com\/index.php?rest_route=\/wp\/v2\/pages\/6\/revisions"}],"predecessor-version":[{"id":8,"href":"http:\/\/mumyakmazlar.com\/index.php?rest_route=\/wp\/v2\/pages\/6\/revisions\/8"}],"wp:attachment":[{"href":"http:\/\/mumyakmazlar.com\/index.php?rest_route=%2Fwp%2Fv2%2Fmedia&parent=6"}],"curies":[{"name":"wp","href":"https:\/\/api.w.org\/{rel}","templated":true}]}}